{"id":12437,"date":"2025-12-22T14:00:39","date_gmt":"2025-12-22T14:00:39","guid":{"rendered":"https:\/\/mister-discount.com\/?page_id=12437"},"modified":"2026-02-26T14:08:46","modified_gmt":"2026-02-26T14:08:46","slug":"thank-page-germania","status":"publish","type":"page","link":"https:\/\/mister-discount.com\/index.php\/thank-page-germania\/","title":{"rendered":"THANK PAGE DE"},"content":{"rendered":"\t\t<div data-elementor-type=\"wp-page\" data-elementor-id=\"12437\" class=\"elementor elementor-12437\" data-elementor-post-type=\"page\">\n\t\t\t\t\t\t<section class=\"elementor-section elementor-top-section elementor-element elementor-element-32a69968 elementor-section-boxed elementor-section-height-default elementor-section-height-default\" data-id=\"32a69968\" data-element_type=\"section\">\n\t\t\t\t\t\t<div class=\"elementor-container elementor-column-gap-default\">\n\t\t\t\t\t<div class=\"elementor-column elementor-col-100 elementor-top-column elementor-element elementor-element-647c33d\" data-id=\"647c33d\" data-element_type=\"column\">\n\t\t\t<div class=\"elementor-widget-wrap elementor-element-populated\">\n\t\t\t\t\t\t<div class=\"elementor-element elementor-element-7a44b6a6 elementor-widget elementor-widget-text-editor\" data-id=\"7a44b6a6\" data-element_type=\"widget\" data-widget_type=\"text-editor.default\">\n\t\t\t\t<div class=\"elementor-widget-container\">\n\t\t\t\t\t\t\t\t\t<h3>Wir danken Ihnen f\u00fcr Ihre Bestellung.<\/h3>\t\t\t\t\t\t\t\t<\/div>\n\t\t\t\t<\/div>\n\t\t\t\t<div class=\"elementor-element elementor-element-5c2d5da2 elementor-widget elementor-widget-text-editor\" data-id=\"5c2d5da2\" data-element_type=\"widget\" data-widget_type=\"text-editor.default\">\n\t\t\t\t<div class=\"elementor-widget-container\">\n\t\t\t\t\t\t\t\t\t<p data-start=\"439\" data-end=\"558\">Sie werden in K\u00fcrze kontaktiert, um den Versand zu best\u00e4tigen.<\/p><p><strong>BESTELLNUMMER: <span style=\"color: #ff0000;\">36.856<\/span><\/strong><\/p><p data-start=\"589\" data-end=\"811\">\u2192 Um den Rabatt nicht zu verpassen und sicherzustellen, dass Ihre Bestellung so schnell wie m\u00f6glich versendet wird, bitten wir Sie, zu antworten, damit wir die Bestellung best\u00e4tigen und den Versand sofort starten k\u00f6nnen.<\/p>\t\t\t\t\t\t\t\t<\/div>\n\t\t\t\t<\/div>\n\t\t\t\t<div class=\"elementor-element elementor-element-1533e6bb elementor-widget elementor-widget-text-editor\" data-id=\"1533e6bb\" data-element_type=\"widget\" data-widget_type=\"text-editor.default\">\n\t\t\t\t<div class=\"elementor-widget-container\">\n\t\t\t\t\t\t\t\t\t<p data-start=\"813\" data-end=\"885\"><span style=\"color: #000000;\"><strong>Vielen Dank f\u00fcr Ihr Vertrauen. Wir w\u00fcnschen Ihnen einen sch\u00f6nen Tag \ud83d\ude0a<\/strong><\/span><\/p>\t\t\t\t\t\t\t\t<\/div>\n\t\t\t\t<\/div>\n\t\t\t\t<div class=\"elementor-element elementor-element-3c10c3b4 elementor-widget elementor-widget-spacer\" data-id=\"3c10c3b4\" data-element_type=\"widget\" data-widget_type=\"spacer.default\">\n\t\t\t\t<div class=\"elementor-widget-container\">\n\t\t\t\t\t\t\t<div class=\"elementor-spacer\">\n\t\t\t<div class=\"elementor-spacer-inner\"><\/div>\n\t\t<\/div>\n\t\t\t\t\t\t<\/div>\n\t\t\t\t<\/div>\n\t\t\t\t<div class=\"elementor-element elementor-element-c5ecc31 elementor-widget elementor-widget-text-editor\" data-id=\"c5ecc31\" data-element_type=\"widget\" data-widget_type=\"text-editor.default\">\n\t\t\t\t<div class=\"elementor-widget-container\">\n\t\t\t\t\t\t\t\t\t<p>Copyright \u00a9 2021<\/p><p>Disclaimer: i prodotti consigliati su questo sito sono venduti in affiliazione, pertanto questo sito non \u00e8 n\u00e9 il produttore, n\u00e9 il venditore ufficiale di ogni singolo prodotto che potrete trovare all\u2019interno del nostro sito. Pertanto per eventuali richieste di rimborsi o altri problemi su prodotti acquistati tramite su questo sito dovrete sempre fare riferimento ai del venditore ufficiale. Noi saremo comunque disponibili per aiutarvi e darvi supporto.<\/p><p>I prodotti sono recensiti a scopo informativo: non \u00e8 possibile in nessun modo garantire risultati certi, le possibilit\u00e0 di riuscita di qualsiasi risultato variano da cliente a cliente. Questo blog non rappresenta una testata giornalistica in quanto viene aggiornato senza alcuna periodicit\u00e0. Non pu\u00f2 pertanto considerarsi un prodotto editoriale ai sensi della legge n. 62 del 7.03.2001. Alcune immagini presenti sul blog sono state trovate sul web, qualora crediate che possano ledere i vostri diritti, comunicatecelo e tempestivamente verranno tolte.<\/p><p><span style=\"color: #3366ff;\">Privacy Policy<\/span> | <span style=\"color: #3366ff;\">Cookie Policy<\/span> | <span style=\"color: #3366ff;\">Termini e condizioni<\/span><\/p>\t\t\t\t\t\t\t\t<\/div>\n\t\t\t\t<\/div>\n\t\t\t\t\t<\/div>\n\t\t<\/div>\n\t\t\t\t\t<\/div>\n\t\t<\/section>\n\t\t\t\t<\/div>\n\t\t","protected":false},"excerpt":{"rendered":"<p>Wir danken Ihnen f\u00fcr Ihre Bestellung. Sie werden in K\u00fcrze kontaktiert, um den Versand zu best\u00e4tigen. BESTELLNUMMER: 36.856 \u2192 Um den Rabatt nicht zu verpassen und sicherzustellen, dass Ihre Bestellung so schnell wie m\u00f6glich versendet wird, bitten wir Sie, zu antworten, damit wir die Bestellung best\u00e4tigen und den Versand sofort starten k\u00f6nnen. Vielen Dank f\u00fcr [&hellip;]<\/p>\n","protected":false},"author":6,"featured_media":0,"parent":0,"menu_order":0,"comment_status":"closed","ping_status":"closed","template":"elementor_canvas","meta":{"footnotes":""},"class_list":["post-12437","page","type-page","status-publish","hentry"],"_links":{"self":[{"href":"https:\/\/mister-discount.com\/index.php\/wp-json\/wp\/v2\/pages\/12437","targetHints":{"allow":["GET"]}}],"collection":[{"href":"https:\/\/mister-discount.com\/index.php\/wp-json\/wp\/v2\/pages"}],"about":[{"href":"https:\/\/mister-discount.com\/index.php\/wp-json\/wp\/v2\/types\/page"}],"author":[{"embeddable":true,"href":"https:\/\/mister-discount.com\/index.php\/wp-json\/wp\/v2\/users\/6"}],"replies":[{"embeddable":true,"href":"https:\/\/mister-discount.com\/index.php\/wp-json\/wp\/v2\/comments?post=12437"}],"version-history":[{"count":5,"href":"https:\/\/mister-discount.com\/index.php\/wp-json\/wp\/v2\/pages\/12437\/revisions"}],"predecessor-version":[{"id":23263,"href":"https:\/\/mister-discount.com\/index.php\/wp-json\/wp\/v2\/pages\/12437\/revisions\/23263"}],"wp:attachment":[{"href":"https:\/\/mister-discount.com\/index.php\/wp-json\/wp\/v2\/media?parent=12437"}],"curies":[{"name":"wp","href":"https:\/\/api.w.org\/{rel}","templated":true}]}}