{"id":22361,"date":"2026-02-20T16:47:18","date_gmt":"2026-02-20T16:47:18","guid":{"rendered":"https:\/\/mister-discount.com\/?page_id=22361"},"modified":"2026-03-10T17:12:09","modified_gmt":"2026-03-10T17:12:09","slug":"thank-page-lettonia","status":"publish","type":"page","link":"https:\/\/mister-discount.com\/index.php\/thank-page-lettonia\/","title":{"rendered":"THANK PAGE LV"},"content":{"rendered":"\t\t<div data-elementor-type=\"wp-page\" data-elementor-id=\"22361\" class=\"elementor elementor-22361\" data-elementor-post-type=\"page\">\n\t\t\t\t\t\t<section class=\"elementor-section elementor-top-section elementor-element elementor-element-32a69968 elementor-section-boxed elementor-section-height-default elementor-section-height-default\" data-id=\"32a69968\" data-element_type=\"section\">\n\t\t\t\t\t\t<div class=\"elementor-container elementor-column-gap-default\">\n\t\t\t\t\t<div class=\"elementor-column elementor-col-100 elementor-top-column elementor-element elementor-element-647c33d\" data-id=\"647c33d\" data-element_type=\"column\">\n\t\t\t<div class=\"elementor-widget-wrap elementor-element-populated\">\n\t\t\t\t\t\t<div class=\"elementor-element elementor-element-7a44b6a6 elementor-widget elementor-widget-text-editor\" data-id=\"7a44b6a6\" data-element_type=\"widget\" data-widget_type=\"text-editor.default\">\n\t\t\t\t<div class=\"elementor-widget-container\">\n\t\t\t\t\t\t\t\t\t<h3>Paldies par J\u016bsu pas\u016bt\u012bjumu.<\/h3>\t\t\t\t\t\t\t\t<\/div>\n\t\t\t\t<\/div>\n\t\t\t\t<div class=\"elementor-element elementor-element-5c2d5da2 elementor-widget elementor-widget-text-editor\" data-id=\"5c2d5da2\" data-element_type=\"widget\" data-widget_type=\"text-editor.default\">\n\t\t\t\t<div class=\"elementor-widget-container\">\n\t\t\t\t\t\t\t\t\t<p data-start=\"0\" data-end=\"84\">Dr\u012bzum\u0101 ar Jums sazin\u0101sies, lai apstiprin\u0101tu pieg\u0101di.<\/p><p><strong>PAS\u016aT\u012aJUMA NUMURS: <span style=\"color: #ff0000;\">36.856<\/span><\/strong><\/p><p>\u2192 Lai nezaud\u0113tu atlaidi un nodro\u0161in\u0101tu, ka pas\u016bt\u012bjums tiek nos\u016bt\u012bts p\u0113c iesp\u0113jas \u0101tr\u0101k, l\u016bdzam atbild\u0113t, lai m\u0113s var\u0113tu apstiprin\u0101t pas\u016bt\u012bjumu un nekav\u0113joties uzs\u0101kt pieg\u0101di.<\/p>\t\t\t\t\t\t\t\t<\/div>\n\t\t\t\t<\/div>\n\t\t\t\t<div class=\"elementor-element elementor-element-1533e6bb elementor-widget elementor-widget-text-editor\" data-id=\"1533e6bb\" data-element_type=\"widget\" data-widget_type=\"text-editor.default\">\n\t\t\t\t<div class=\"elementor-widget-container\">\n\t\t\t\t\t\t\t\t\t<div class=\"flex flex-col text-sm pb-25\"><article class=\"text-token-text-primary w-full focus:outline-none [--shadow-height:45px] has-data-writing-block:pointer-events-none has-data-writing-block:-mt-(--shadow-height) has-data-writing-block:pt-(--shadow-height) [&amp;:has([data-writing-block])&gt;*]:pointer-events-auto scroll-mt-[calc(var(--header-height)+min(200px,max(70px,20svh)))]\" dir=\"auto\" tabindex=\"-1\" data-turn-id=\"request-69904ae7-a28c-832e-8d72-c4f8815a0bcf-13\" data-testid=\"conversation-turn-42\" data-scroll-anchor=\"true\" data-turn=\"assistant\"><div class=\"text-base my-auto mx-auto pb-10 [--thread-content-margin:--spacing(4)] @w-sm\/main:[--thread-content-margin:--spacing(6)] @w-lg\/main:[--thread-content-margin:--spacing(16)] px-(--thread-content-margin)\"><div class=\"[--thread-content-max-width:40rem] @w-lg\/main:[--thread-content-max-width:48rem] mx-auto max-w-(--thread-content-max-width) flex-1 group\/turn-messages focus-visible:outline-hidden relative flex w-full min-w-0 flex-col agent-turn\" tabindex=\"-1\"><div class=\"flex max-w-full flex-col grow\"><div class=\"min-h-8 text-message relative flex w-full flex-col items-end gap-2 text-start break-words whitespace-normal [.text-message+&amp;]:mt-1\" dir=\"auto\" data-message-author-role=\"assistant\" data-message-id=\"edc042a8-b74b-415e-af64-970cfee5fa3e\" data-message-model-slug=\"gpt-5-2\"><div class=\"flex w-full flex-col gap-1 empty:hidden first:pt-[1px]\"><div class=\"markdown prose dark:prose-invert w-full wrap-break-word light markdown-new-styling\"><p data-start=\"289\" data-end=\"343\" data-is-last-node=\"\" data-is-only-node=\"\"><strong><span style=\"color: #000000;\">Paldies par J\u016bsu uztic\u012bbu. Nov\u0113lam Jums jauku dienu \ud83d\ude0a<\/span><\/strong><\/p><\/div><\/div><\/div><\/div><\/div><\/div><\/article><\/div>\t\t\t\t\t\t\t\t<\/div>\n\t\t\t\t<\/div>\n\t\t\t\t<div class=\"elementor-element elementor-element-3c10c3b4 elementor-widget elementor-widget-spacer\" data-id=\"3c10c3b4\" data-element_type=\"widget\" data-widget_type=\"spacer.default\">\n\t\t\t\t<div class=\"elementor-widget-container\">\n\t\t\t\t\t\t\t<div class=\"elementor-spacer\">\n\t\t\t<div class=\"elementor-spacer-inner\"><\/div>\n\t\t<\/div>\n\t\t\t\t\t\t<\/div>\n\t\t\t\t<\/div>\n\t\t\t\t<div class=\"elementor-element elementor-element-c5ecc31 elementor-widget elementor-widget-text-editor\" data-id=\"c5ecc31\" data-element_type=\"widget\" data-widget_type=\"text-editor.default\">\n\t\t\t\t<div class=\"elementor-widget-container\">\n\t\t\t\t\t\t\t\t\t<p>Copyright \u00a9 2021<\/p><p>Disclaimer: i prodotti consigliati su questo sito sono venduti in affiliazione, pertanto questo sito non \u00e8 n\u00e9 il produttore, n\u00e9 il venditore ufficiale di ogni singolo prodotto che potrete trovare all\u2019interno del nostro sito. Pertanto per eventuali richieste di rimborsi o altri problemi su prodotti acquistati tramite su questo sito dovrete sempre fare riferimento ai del venditore ufficiale. Noi saremo comunque disponibili per aiutarvi e darvi supporto.<\/p><p>I prodotti sono recensiti a scopo informativo: non \u00e8 possibile in nessun modo garantire risultati certi, le possibilit\u00e0 di riuscita di qualsiasi risultato variano da cliente a cliente. Questo blog non rappresenta una testata giornalistica in quanto viene aggiornato senza alcuna periodicit\u00e0. Non pu\u00f2 pertanto considerarsi un prodotto editoriale ai sensi della legge n. 62 del 7.03.2001. Alcune immagini presenti sul blog sono state trovate sul web, qualora crediate che possano ledere i vostri diritti, comunicatecelo e tempestivamente verranno tolte.<\/p><p><span style=\"color: #3366ff;\">Privacy Policy<\/span> | <span style=\"color: #3366ff;\">Cookie Policy<\/span> | <span style=\"color: #3366ff;\">Termini e condizioni<\/span><\/p>\t\t\t\t\t\t\t\t<\/div>\n\t\t\t\t<\/div>\n\t\t\t\t\t<\/div>\n\t\t<\/div>\n\t\t\t\t\t<\/div>\n\t\t<\/section>\n\t\t\t\t<\/div>\n\t\t","protected":false},"excerpt":{"rendered":"<p>Paldies par J\u016bsu pas\u016bt\u012bjumu. Dr\u012bzum\u0101 ar Jums sazin\u0101sies, lai apstiprin\u0101tu pieg\u0101di. PAS\u016aT\u012aJUMA NUMURS: 36.856 \u2192 Lai nezaud\u0113tu atlaidi un nodro\u0161in\u0101tu, ka pas\u016bt\u012bjums tiek nos\u016bt\u012bts p\u0113c iesp\u0113jas \u0101tr\u0101k, l\u016bdzam atbild\u0113t, lai m\u0113s var\u0113tu apstiprin\u0101t pas\u016bt\u012bjumu un nekav\u0113joties uzs\u0101kt pieg\u0101di. Paldies par J\u016bsu uztic\u012bbu. Nov\u0113lam Jums jauku dienu \ud83d\ude0a Copyright \u00a9 2021 Disclaimer: i prodotti consigliati su [&hellip;]<\/p>\n","protected":false},"author":6,"featured_media":0,"parent":0,"menu_order":0,"comment_status":"closed","ping_status":"closed","template":"elementor_canvas","meta":{"footnotes":""},"class_list":["post-22361","page","type-page","status-publish","hentry"],"_links":{"self":[{"href":"https:\/\/mister-discount.com\/index.php\/wp-json\/wp\/v2\/pages\/22361","targetHints":{"allow":["GET"]}}],"collection":[{"href":"https:\/\/mister-discount.com\/index.php\/wp-json\/wp\/v2\/pages"}],"about":[{"href":"https:\/\/mister-discount.com\/index.php\/wp-json\/wp\/v2\/types\/page"}],"author":[{"embeddable":true,"href":"https:\/\/mister-discount.com\/index.php\/wp-json\/wp\/v2\/users\/6"}],"replies":[{"embeddable":true,"href":"https:\/\/mister-discount.com\/index.php\/wp-json\/wp\/v2\/comments?post=22361"}],"version-history":[{"count":6,"href":"https:\/\/mister-discount.com\/index.php\/wp-json\/wp\/v2\/pages\/22361\/revisions"}],"predecessor-version":[{"id":25533,"href":"https:\/\/mister-discount.com\/index.php\/wp-json\/wp\/v2\/pages\/22361\/revisions\/25533"}],"wp:attachment":[{"href":"https:\/\/mister-discount.com\/index.php\/wp-json\/wp\/v2\/media?parent=22361"}],"curies":[{"name":"wp","href":"https:\/\/api.w.org\/{rel}","templated":true}]}}