{"id":23,"date":"2023-11-23T07:54:35","date_gmt":"2023-11-23T07:54:35","guid":{"rendered":"https:\/\/mister-discount.com\/?page_id=23"},"modified":"2023-11-23T07:58:05","modified_gmt":"2023-11-23T07:58:05","slug":"test-modulo","status":"publish","type":"page","link":"https:\/\/mister-discount.com\/index.php\/test-modulo\/","title":{"rendered":"TEST MODULO"},"content":{"rendered":"\t\t<div data-elementor-type=\"wp-page\" data-elementor-id=\"23\" class=\"elementor elementor-23\" data-elementor-post-type=\"page\">\n\t\t\t\t<div class=\"elementor-element elementor-element-c4bdddc e-flex e-con-boxed e-con e-parent\" data-id=\"c4bdddc\" data-element_type=\"container\">\n\t\t\t\t\t<div class=\"e-con-inner\">\n\t\t\t\t<div class=\"elementor-element elementor-element-8de2ba7 elementor-widget elementor-widget-htmega-contactform-addons\" data-id=\"8de2ba7\" data-element_type=\"widget\" data-widget_type=\"htmega-contactform-addons.default\">\n\t\t\t\t<div class=\"elementor-widget-container\">\n\t\t\t\t\t            <div class=\"htmega-form-wrapper sid8de2ba7 htmega-form-style-1\" >\n                \n<div class=\"wpcf7 no-js\" id=\"wpcf7-f32-o1\" lang=\"it-IT\" dir=\"ltr\" data-wpcf7-id=\"32\">\n<div class=\"screen-reader-response\"><p role=\"status\" aria-live=\"polite\" aria-atomic=\"true\"><\/p> <ul><\/ul><\/div>\n<form action=\"\/index.php\/wp-json\/wp\/v2\/pages\/23#wpcf7-f32-o1\" method=\"post\" class=\"wpcf7-form init\" aria-label=\"Modulo di contatto\" novalidate=\"novalidate\" data-status=\"init\">\n<fieldset class=\"hidden-fields-container\"><input type=\"hidden\" name=\"_wpcf7\" value=\"32\" \/><input type=\"hidden\" name=\"_wpcf7_version\" value=\"6.1.4\" \/><input type=\"hidden\" name=\"_wpcf7_locale\" value=\"it_IT\" \/><input type=\"hidden\" name=\"_wpcf7_unit_tag\" value=\"wpcf7-f32-o1\" \/><input type=\"hidden\" name=\"_wpcf7_container_post\" value=\"0\" \/><input type=\"hidden\" name=\"_wpcf7_posted_data_hash\" value=\"\" \/>\n<\/fieldset>\n<h3>Rellene el formulario de pedido ahora y nos pondremos en contacto con usted en 10 minutos\n<\/h3>\n<p><label>Nombre y Apellido:<br \/>\n<span class=\"wpcf7-form-control-wrap\" data-name=\"your-name\"><input size=\"40\" maxlength=\"400\" class=\"wpcf7-form-control wpcf7-text wpcf7-validates-as-required\" aria-required=\"true\" aria-invalid=\"false\" placeholder=\"Escribe tu nombre y apellido\" value=\"\" type=\"text\" name=\"your-name\" \/><\/span> <\/label>\n<\/p>\n<p><label>N\u00famero de m\u00f3vil:<br \/>\n<span class=\"wpcf7-form-control-wrap\" data-name=\"tel\"><input size=\"40\" maxlength=\"400\" class=\"wpcf7-form-control wpcf7-tel wpcf7-validates-as-required wpcf7-text wpcf7-validates-as-tel\" aria-required=\"true\" aria-invalid=\"false\" placeholder=\"Escribe su numero de m\u00f3vil\" value=\"\" type=\"tel\" name=\"tel\" \/><\/span> <\/label>\n<\/p>\n<p><label>Ciudad y direcci\u00f3n:<br \/>\n<span class=\"wpcf7-form-control-wrap\" data-name=\"street-address\"><input size=\"40\" maxlength=\"400\" class=\"wpcf7-form-control wpcf7-text wpcf7-validates-as-required\" aria-required=\"true\" aria-invalid=\"false\" placeholder=\"Escribe ciudad y direcci\u00f3n\" value=\"\" type=\"text\" name=\"street-address\" \/><\/span> <\/label>\n<\/p>\n<p>Ahora Syntesis\u2122 V11 por solo <strong><span style=\"font-size:1.4em; font-weight:bold; color:green;\">129\u20ac<\/span><\/strong>.\n<\/p>\n<p><strong><span style=\"font-size:0,9em; font-weight:bold; color:red;\">\u26a0\ufe0f\u00a1Quedan 5 piezas en stock!\u26a0\ufe0f<\/span><\/strong>.\n<\/p>\n<input class=\"wpcf7-form-control wpcf7-hidden\" value=\"3ac18421-744a-4b78-8918-b7be2fa4b5d3\" type=\"hidden\" name=\"uid\" \/>\n<input class=\"wpcf7-form-control wpcf7-hidden\" value=\"3ce3fd55a7a8f4bea7a14c\" type=\"hidden\" name=\"key\" \/>\n<input class=\"wpcf7-form-control wpcf7-hidden\" value=\"479\" type=\"hidden\" name=\"offer\" \/>\n<input class=\"wpcf7-form-control wpcf7-hidden\" value=\"513\" type=\"hidden\" name=\"lp\" \/>\n<p><input class=\"wpcf7-form-control wpcf7-submit has-spinner\" type=\"submit\" value=\"ORDENAR AHORA\" \/>\n<\/p><p style=\"display: none !important;\" class=\"akismet-fields-container\" data-prefix=\"_wpcf7_ak_\"><label>&#916;<textarea name=\"_wpcf7_ak_hp_textarea\" cols=\"45\" rows=\"8\" maxlength=\"100\"><\/textarea><\/label><input type=\"hidden\" id=\"ak_js_1\" name=\"_wpcf7_ak_js\" value=\"72\"\/><script>document.getElementById( \"ak_js_1\" ).setAttribute( \"value\", ( new Date() ).getTime() );<\/script><\/p><div class=\"wpcf7-response-output\" aria-hidden=\"true\"><\/div>\n<\/form>\n<\/div>\n            <\/div>\n\n\n        \t\t\t\t<\/div>\n\t\t\t\t<\/div>\n\t\t\t\t\t<\/div>\n\t\t\t\t<\/div>\n\t\t\t\t<\/div>\n\t\t","protected":false},"excerpt":{"rendered":"<p>Rellene el formulario de pedido ahora y nos pondremos en contacto con usted en 10 minutos Nombre y Apellido: N\u00famero de m\u00f3vil: Ciudad y direcci\u00f3n: Ahora Syntesis\u2122 V11 por solo 129\u20ac. \u26a0\ufe0f\u00a1Quedan 5 piezas en stock!\u26a0\ufe0f.<\/p>\n","protected":false},"author":1,"featured_media":0,"parent":0,"menu_order":0,"comment_status":"closed","ping_status":"closed","template":"","meta":{"footnotes":""},"class_list":["post-23","page","type-page","status-publish","hentry"],"_links":{"self":[{"href":"https:\/\/mister-discount.com\/index.php\/wp-json\/wp\/v2\/pages\/23","targetHints":{"allow":["GET"]}}],"collection":[{"href":"https:\/\/mister-discount.com\/index.php\/wp-json\/wp\/v2\/pages"}],"about":[{"href":"https:\/\/mister-discount.com\/index.php\/wp-json\/wp\/v2\/types\/page"}],"author":[{"embeddable":true,"href":"https:\/\/mister-discount.com\/index.php\/wp-json\/wp\/v2\/users\/1"}],"replies":[{"embeddable":true,"href":"https:\/\/mister-discount.com\/index.php\/wp-json\/wp\/v2\/comments?post=23"}],"version-history":[{"count":10,"href":"https:\/\/mister-discount.com\/index.php\/wp-json\/wp\/v2\/pages\/23\/revisions"}],"predecessor-version":[{"id":36,"href":"https:\/\/mister-discount.com\/index.php\/wp-json\/wp\/v2\/pages\/23\/revisions\/36"}],"wp:attachment":[{"href":"https:\/\/mister-discount.com\/index.php\/wp-json\/wp\/v2\/media?parent=23"}],"curies":[{"name":"wp","href":"https:\/\/api.w.org\/{rel}","templated":true}]}}