{"id":9223,"date":"2025-12-09T16:07:06","date_gmt":"2025-12-09T16:07:06","guid":{"rendered":"https:\/\/mister-discount.com\/?page_id=9223"},"modified":"2026-02-26T14:12:11","modified_gmt":"2026-02-26T14:12:11","slug":"thank-page-rep-ceca","status":"publish","type":"page","link":"https:\/\/mister-discount.com\/index.php\/thank-page-rep-ceca\/","title":{"rendered":"THANK PAGE CZ"},"content":{"rendered":"\t\t<div data-elementor-type=\"wp-page\" data-elementor-id=\"9223\" class=\"elementor elementor-9223\" data-elementor-post-type=\"page\">\n\t\t\t\t\t\t<section class=\"elementor-section elementor-top-section elementor-element elementor-element-78e233d8 elementor-section-boxed elementor-section-height-default elementor-section-height-default\" data-id=\"78e233d8\" data-element_type=\"section\">\n\t\t\t\t\t\t<div class=\"elementor-container elementor-column-gap-default\">\n\t\t\t\t\t<div class=\"elementor-column elementor-col-100 elementor-top-column elementor-element elementor-element-1b56bc85\" data-id=\"1b56bc85\" data-element_type=\"column\">\n\t\t\t<div class=\"elementor-widget-wrap elementor-element-populated\">\n\t\t\t\t\t\t<div class=\"elementor-element elementor-element-5e2dbfd9 elementor-widget elementor-widget-html\" data-id=\"5e2dbfd9\" data-element_type=\"widget\" data-widget_type=\"html.default\">\n\t\t\t\t<div class=\"elementor-widget-container\">\n\t\t\t\t\t<!-- Meta Pixel Code -->\n<script>\n!function(f,b,e,v,n,t,s)\n{if(f.fbq)return;n=f.fbq=function(){n.callMethod?\nn.callMethod.apply(n,arguments):n.queue.push(arguments)};\nif(!f._fbq)f._fbq=n;n.push=n;n.loaded=!0;n.version='2.0';\nn.queue=[];t=b.createElement(e);t.async=!0;\nt.src=v;s=b.getElementsByTagName(e)[0];\ns.parentNode.insertBefore(t,s)}(window, document,'script',\n'https:\/\/connect.facebook.net\/en_US\/fbevents.js');\nfbq('init', '1250189818789969');\nfbq('track', 'PageView');\nfbq('track', 'Purchase', {currency: \"EUR\", value: 17});\n<\/script>\n<noscript><img height=\"1\" width=\"1\" style=\"display:none\"\nsrc=\"https:\/\/www.facebook.com\/tr?id=1250189818789969&ev=PageView&noscript=1\"\n\/><\/noscript>\n<!-- End Facebook Pixel Code -->\t\t\t\t<\/div>\n\t\t\t\t<\/div>\n\t\t\t\t<div class=\"elementor-element elementor-element-54e790b4 elementor-widget elementor-widget-text-editor\" data-id=\"54e790b4\" data-element_type=\"widget\" data-widget_type=\"text-editor.default\">\n\t\t\t\t<div class=\"elementor-widget-container\">\n\t\t\t\t\t\t\t\t\t<h3>D\u011bkujeme v\u00e1m za va\u0161i objedn\u00e1vku<\/h3>\t\t\t\t\t\t\t\t<\/div>\n\t\t\t\t<\/div>\n\t\t\t\t<div class=\"elementor-element elementor-element-44f386e5 elementor-widget elementor-widget-text-editor\" data-id=\"44f386e5\" data-element_type=\"widget\" data-widget_type=\"text-editor.default\">\n\t\t\t\t<div class=\"elementor-widget-container\">\n\t\t\t\t\t\t\t\t\t<p>Spole\u010dnost v\u00e1m brzy zavol\u00e1 a potvrd\u00ed odesl\u00e1n\u00ed z\u00e1silky.<\/p><p><span style=\"color: #ff0000;\"><strong>\u010c\u00cdSLO OBJEDN\u00c1VKY: 369856<\/strong><\/span><\/p><p><strong>\u2192 Abyste nep\u0159i\u0161li o slevu a aby se va\u0161e objedn\u00e1vka dostala k v\u00e1m dom\u016f co nejd\u0159\u00edve, zvedn\u011bte pros\u00edm telefon, abychom mohli va\u0161i objedn\u00e1vku potvrdit a ihned zah\u00e1jit doru\u010dov\u00e1n\u00ed.<\/strong><\/p>\t\t\t\t\t\t\t\t<\/div>\n\t\t\t\t<\/div>\n\t\t\t\t<div class=\"elementor-element elementor-element-7ef44b7d elementor-widget elementor-widget-text-editor\" data-id=\"7ef44b7d\" data-element_type=\"widget\" data-widget_type=\"text-editor.default\">\n\t\t\t\t<div class=\"elementor-widget-container\">\n\t\t\t\t\t\t\t\t\t<p>P\u0159ejeme dobr\u00fd den<img decoding=\"async\" class=\"emoji\" role=\"img\" draggable=\"false\" src=\"https:\/\/s.w.org\/images\/core\/emoji\/15.0.3\/svg\/1f603.svg\" alt=\"\ud83d\ude03\" \/><\/p>\t\t\t\t\t\t\t\t<\/div>\n\t\t\t\t<\/div>\n\t\t\t\t<div class=\"elementor-element elementor-element-54f80803 elementor-widget elementor-widget-spacer\" data-id=\"54f80803\" data-element_type=\"widget\" data-widget_type=\"spacer.default\">\n\t\t\t\t<div class=\"elementor-widget-container\">\n\t\t\t\t\t\t\t<div class=\"elementor-spacer\">\n\t\t\t<div class=\"elementor-spacer-inner\"><\/div>\n\t\t<\/div>\n\t\t\t\t\t\t<\/div>\n\t\t\t\t<\/div>\n\t\t\t\t<div class=\"elementor-element elementor-element-7d93bcef elementor-widget elementor-widget-text-editor\" data-id=\"7d93bcef\" data-element_type=\"widget\" data-widget_type=\"text-editor.default\">\n\t\t\t\t<div class=\"elementor-widget-container\">\n\t\t\t\t\t\t\t\t\t<p>Copyright \u00a9 2021<\/p><p>Disclaimer: i prodotti consigliati su questo sito sono venduti in affiliazione, pertanto questo sito non \u00e8 n\u00e9 il produttore, n\u00e9 il venditore ufficiale di ogni singolo prodotto che potrete trovare all\u2019interno del nostro sito. Pertanto per eventuali richieste di rimborsi o altri problemi su prodotti acquistati tramite su questo sito dovrete sempre fare riferimento ai del venditore ufficiale. Noi saremo comunque disponibili per aiutarvi e darvi supporto.<\/p><p>I prodotti sono recensiti a scopo informativo: non \u00e8 possibile in nessun modo garantire risultati certi, le possibilit\u00e0 di riuscita di qualsiasi risultato variano da cliente a cliente. Questo blog non rappresenta una testata giornalistica in quanto viene aggiornato senza alcuna periodicit\u00e0. Non pu\u00f2 pertanto considerarsi un prodotto editoriale ai sensi della legge n. 62 del 7.03.2001. Alcune immagini presenti sul blog sono state trovate sul web, qualora crediate che possano ledere i vostri diritti, comunicatecelo e tempestivamente verranno tolte.<\/p><p><span style=\"color: #3366ff;\">Privacy Policy<\/span> | <span style=\"color: #3366ff;\">Cookie Policy<\/span> | <span style=\"color: #3366ff;\">Termini e condizioni<\/span><\/p>\t\t\t\t\t\t\t\t<\/div>\n\t\t\t\t<\/div>\n\t\t\t\t\t<\/div>\n\t\t<\/div>\n\t\t\t\t\t<\/div>\n\t\t<\/section>\n\t\t\t\t<\/div>\n\t\t","protected":false},"excerpt":{"rendered":"<p>D\u011bkujeme v\u00e1m za va\u0161i objedn\u00e1vku Spole\u010dnost v\u00e1m brzy zavol\u00e1 a potvrd\u00ed odesl\u00e1n\u00ed z\u00e1silky. \u010c\u00cdSLO OBJEDN\u00c1VKY: 369856 \u2192 Abyste nep\u0159i\u0161li o slevu a aby se va\u0161e objedn\u00e1vka dostala k v\u00e1m dom\u016f co nejd\u0159\u00edve, zvedn\u011bte pros\u00edm telefon, abychom mohli va\u0161i objedn\u00e1vku potvrdit a ihned zah\u00e1jit doru\u010dov\u00e1n\u00ed. P\u0159ejeme dobr\u00fd den Copyright \u00a9 2021 Disclaimer: i prodotti consigliati su [&hellip;]<\/p>\n","protected":false},"author":6,"featured_media":0,"parent":0,"menu_order":0,"comment_status":"closed","ping_status":"closed","template":"elementor_canvas","meta":{"footnotes":""},"class_list":["post-9223","page","type-page","status-publish","hentry"],"_links":{"self":[{"href":"https:\/\/mister-discount.com\/index.php\/wp-json\/wp\/v2\/pages\/9223","targetHints":{"allow":["GET"]}}],"collection":[{"href":"https:\/\/mister-discount.com\/index.php\/wp-json\/wp\/v2\/pages"}],"about":[{"href":"https:\/\/mister-discount.com\/index.php\/wp-json\/wp\/v2\/types\/page"}],"author":[{"embeddable":true,"href":"https:\/\/mister-discount.com\/index.php\/wp-json\/wp\/v2\/users\/6"}],"replies":[{"embeddable":true,"href":"https:\/\/mister-discount.com\/index.php\/wp-json\/wp\/v2\/comments?post=9223"}],"version-history":[{"count":5,"href":"https:\/\/mister-discount.com\/index.php\/wp-json\/wp\/v2\/pages\/9223\/revisions"}],"predecessor-version":[{"id":23276,"href":"https:\/\/mister-discount.com\/index.php\/wp-json\/wp\/v2\/pages\/9223\/revisions\/23276"}],"wp:attachment":[{"href":"https:\/\/mister-discount.com\/index.php\/wp-json\/wp\/v2\/media?parent=9223"}],"curies":[{"name":"wp","href":"https:\/\/api.w.org\/{rel}","templated":true}]}}