{"id":9224,"date":"2025-12-09T16:07:16","date_gmt":"2025-12-09T16:07:16","guid":{"rendered":"https:\/\/mister-discount.com\/?page_id=9224"},"modified":"2026-02-26T14:11:59","modified_gmt":"2026-02-26T14:11:59","slug":"thank-page-ungheria","status":"publish","type":"page","link":"https:\/\/mister-discount.com\/index.php\/thank-page-ungheria\/","title":{"rendered":"THANK PAGE HU"},"content":{"rendered":"\t\t<div data-elementor-type=\"wp-page\" data-elementor-id=\"9224\" class=\"elementor elementor-9224\" data-elementor-post-type=\"page\">\n\t\t\t\t\t\t<section class=\"elementor-section elementor-top-section elementor-element elementor-element-4ea30044 elementor-section-boxed elementor-section-height-default elementor-section-height-default\" data-id=\"4ea30044\" data-element_type=\"section\">\n\t\t\t\t\t\t<div class=\"elementor-container elementor-column-gap-default\">\n\t\t\t\t\t<div class=\"elementor-column elementor-col-100 elementor-top-column elementor-element elementor-element-7fd3f39\" data-id=\"7fd3f39\" data-element_type=\"column\">\n\t\t\t<div class=\"elementor-widget-wrap elementor-element-populated\">\n\t\t\t\t\t\t<div class=\"elementor-element elementor-element-7b313095 elementor-widget elementor-widget-html\" data-id=\"7b313095\" data-element_type=\"widget\" data-widget_type=\"html.default\">\n\t\t\t\t<div class=\"elementor-widget-container\">\n\t\t\t\t\t<!-- Meta Pixel Code -->\r\n<script>\r\n  !function(f,b,e,v,n,t,s)\r\n  {if(f.fbq)return;n=f.fbq=function(){n.callMethod ?\r\n  n.callMethod.apply(n,arguments) : n.queue.push(arguments)};\r\n  if(!f._fbq)f._fbq=n;n.push=n;n.loaded=!0;n.version='2.0';\r\n  n.queue=[];t=b.createElement(e);t.async=!0;\r\n  t.src=v;s=b.getElementsByTagName(e)[0];\r\n  s.parentNode.insertBefore(t,s)}(window, document,'script',\r\n  'https:\/\/connect.facebook.net\/en_US\/fbevents.js');\r\n  \r\n  fbq('init', '1471137050957524'); \/\/ Inserisci il tuo Pixel ID\r\n  fbq('track', 'PageView');\r\n  fbq('track', 'Lead'); \/\/ Evento di contatto acquisito\r\n<\/script>\r\n<noscript>\r\n  <img decoding=\"async\" height=\"1\" width=\"1\" style=\"display:none\"\r\n       src=\"https:\/\/www.facebook.com\/tr?id=1471137050957524&ev=PageView&noscript=1\"\/>\r\n<\/noscript>\r\n<!-- End Meta Pixel Code -->\r\n\t\t\t\t<\/div>\n\t\t\t\t<\/div>\n\t\t\t\t<div class=\"elementor-element elementor-element-4bc76477 elementor-widget elementor-widget-text-editor\" data-id=\"4bc76477\" data-element_type=\"widget\" data-widget_type=\"text-editor.default\">\n\t\t\t\t<div class=\"elementor-widget-container\">\n\t\t\t\t\t\t\t\t\t<h3><span style=\"color: #000000;\">K\u00f6sz\u00f6nj\u00fck, hogy v\u00e9gleges\u00edtette megrendel\u00e9s\u00e9t.<\/span><\/h3>\t\t\t\t\t\t\t\t<\/div>\n\t\t\t\t<\/div>\n\t\t\t\t<div class=\"elementor-element elementor-element-2e58d16c elementor-widget elementor-widget-text-editor\" data-id=\"2e58d16c\" data-element_type=\"widget\" data-widget_type=\"text-editor.default\">\n\t\t\t\t<div class=\"elementor-widget-container\">\n\t\t\t\t\t\t\t\t\t<p><span style=\"color: #000000;\">A v\u00e1llalat r\u00f6videsen telefonon felh\u00edvja \u00d6nt, hogy meger\u0151s\u00edtse a felad\u00e1s t\u00e9ny\u00e9t.<\/span><\/p><p><span style=\"color: #ff0000;\"><strong>MEGRENDEL\u00c9S: 369856<\/strong><\/span><\/p><p><span style=\"color: #000000;\">\u2192 Annak \u00e9rdek\u00e9ben, hogy ne maradjon le a kedvezm\u00e9nyr\u0151l, \u00e9s hogy rendel\u00e9se min\u00e9l hamarabb haza\u00e9rkezzen, k\u00e9rj\u00fck, vegye fel a telefont, hogy a rendel\u00e9st visszaigazolhassuk \u00e9s azonnal megkezdhess\u00fck a kisz\u00e1ll\u00edt\u00e1st.<\/span><\/p>\t\t\t\t\t\t\t\t<\/div>\n\t\t\t\t<\/div>\n\t\t\t\t<div class=\"elementor-element elementor-element-61b69211 elementor-widget elementor-widget-text-editor\" data-id=\"61b69211\" data-element_type=\"widget\" data-widget_type=\"text-editor.default\">\n\t\t\t\t<div class=\"elementor-widget-container\">\n\t\t\t\t\t\t\t\t\t<p>Legyen sz\u00e9p napod\ud83d\ude03<\/p>\t\t\t\t\t\t\t\t<\/div>\n\t\t\t\t<\/div>\n\t\t\t\t<div class=\"elementor-element elementor-element-6738faa6 elementor-widget elementor-widget-spacer\" data-id=\"6738faa6\" data-element_type=\"widget\" data-widget_type=\"spacer.default\">\n\t\t\t\t<div class=\"elementor-widget-container\">\n\t\t\t\t\t\t\t<div class=\"elementor-spacer\">\n\t\t\t<div class=\"elementor-spacer-inner\"><\/div>\n\t\t<\/div>\n\t\t\t\t\t\t<\/div>\n\t\t\t\t<\/div>\n\t\t\t\t<div class=\"elementor-element elementor-element-b3ba5aa elementor-widget elementor-widget-text-editor\" data-id=\"b3ba5aa\" data-element_type=\"widget\" data-widget_type=\"text-editor.default\">\n\t\t\t\t<div class=\"elementor-widget-container\">\n\t\t\t\t\t\t\t\t\t<p>Copyright \u00a9 2021<\/p><p>Disclaimer: i prodotti consigliati su questo sito sono venduti in affiliazione, pertanto questo sito non \u00e8 n\u00e9 il produttore, n\u00e9 il venditore ufficiale di ogni singolo prodotto che potrete trovare all\u2019interno del nostro sito. Pertanto per eventuali richieste di rimborsi o altri problemi su prodotti acquistati tramite su questo sito dovrete sempre fare riferimento ai del venditore ufficiale. Noi saremo comunque disponibili per aiutarvi e darvi supporto.<\/p><p>I prodotti sono recensiti a scopo informativo: non \u00e8 possibile in nessun modo garantire risultati certi, le possibilit\u00e0 di riuscita di qualsiasi risultato variano da cliente a cliente. Questo blog non rappresenta una testata giornalistica in quanto viene aggiornato senza alcuna periodicit\u00e0. Non pu\u00f2 pertanto considerarsi un prodotto editoriale ai sensi della legge n. 62 del 7.03.2001. Alcune immagini presenti sul blog sono state trovate sul web, qualora crediate che possano ledere i vostri diritti, comunicatecelo e tempestivamente verranno tolte.<\/p><p><span style=\"color: #3366ff;\">Privacy Policy<\/span> | <span style=\"color: #3366ff;\">Cookie Policy<\/span> | <span style=\"color: #3366ff;\">Termini e condizioni<\/span><\/p>\t\t\t\t\t\t\t\t<\/div>\n\t\t\t\t<\/div>\n\t\t\t\t\t<\/div>\n\t\t<\/div>\n\t\t\t\t\t<\/div>\n\t\t<\/section>\n\t\t\t\t<\/div>\n\t\t","protected":false},"excerpt":{"rendered":"<p>K\u00f6sz\u00f6nj\u00fck, hogy v\u00e9gleges\u00edtette megrendel\u00e9s\u00e9t. A v\u00e1llalat r\u00f6videsen telefonon felh\u00edvja \u00d6nt, hogy meger\u0151s\u00edtse a felad\u00e1s t\u00e9ny\u00e9t. MEGRENDEL\u00c9S: 369856 \u2192 Annak \u00e9rdek\u00e9ben, hogy ne maradjon le a kedvezm\u00e9nyr\u0151l, \u00e9s hogy rendel\u00e9se min\u00e9l hamarabb haza\u00e9rkezzen, k\u00e9rj\u00fck, vegye fel a telefont, hogy a rendel\u00e9st visszaigazolhassuk \u00e9s azonnal megkezdhess\u00fck a kisz\u00e1ll\u00edt\u00e1st. Legyen sz\u00e9p napod\ud83d\ude03 Copyright \u00a9 2021 Disclaimer: i prodotti [&hellip;]<\/p>\n","protected":false},"author":6,"featured_media":0,"parent":0,"menu_order":0,"comment_status":"closed","ping_status":"closed","template":"elementor_canvas","meta":{"footnotes":""},"class_list":["post-9224","page","type-page","status-publish","hentry"],"_links":{"self":[{"href":"https:\/\/mister-discount.com\/index.php\/wp-json\/wp\/v2\/pages\/9224","targetHints":{"allow":["GET"]}}],"collection":[{"href":"https:\/\/mister-discount.com\/index.php\/wp-json\/wp\/v2\/pages"}],"about":[{"href":"https:\/\/mister-discount.com\/index.php\/wp-json\/wp\/v2\/types\/page"}],"author":[{"embeddable":true,"href":"https:\/\/mister-discount.com\/index.php\/wp-json\/wp\/v2\/users\/6"}],"replies":[{"embeddable":true,"href":"https:\/\/mister-discount.com\/index.php\/wp-json\/wp\/v2\/comments?post=9224"}],"version-history":[{"count":8,"href":"https:\/\/mister-discount.com\/index.php\/wp-json\/wp\/v2\/pages\/9224\/revisions"}],"predecessor-version":[{"id":23275,"href":"https:\/\/mister-discount.com\/index.php\/wp-json\/wp\/v2\/pages\/9224\/revisions\/23275"}],"wp:attachment":[{"href":"https:\/\/mister-discount.com\/index.php\/wp-json\/wp\/v2\/media?parent=9224"}],"curies":[{"name":"wp","href":"https:\/\/api.w.org\/{rel}","templated":true}]}}