{"id":9226,"date":"2025-12-09T16:07:37","date_gmt":"2025-12-09T16:07:37","guid":{"rendered":"https:\/\/mister-discount.com\/?page_id=9226"},"modified":"2026-02-26T14:11:33","modified_gmt":"2026-02-26T14:11:33","slug":"thank-page-polonia","status":"publish","type":"page","link":"https:\/\/mister-discount.com\/index.php\/thank-page-polonia\/","title":{"rendered":"THANK PAGE PL"},"content":{"rendered":"\t\t<div data-elementor-type=\"wp-page\" data-elementor-id=\"9226\" class=\"elementor elementor-9226\" data-elementor-post-type=\"page\">\n\t\t\t\t\t\t<section class=\"elementor-section elementor-top-section elementor-element elementor-element-38b5eb87 elementor-section-boxed elementor-section-height-default elementor-section-height-default\" data-id=\"38b5eb87\" data-element_type=\"section\">\n\t\t\t\t\t\t<div class=\"elementor-container elementor-column-gap-default\">\n\t\t\t\t\t<div class=\"elementor-column elementor-col-100 elementor-top-column elementor-element elementor-element-64338142\" data-id=\"64338142\" data-element_type=\"column\">\n\t\t\t<div class=\"elementor-widget-wrap elementor-element-populated\">\n\t\t\t\t\t\t<div class=\"elementor-element elementor-element-1ef8b397 elementor-widget elementor-widget-html\" data-id=\"1ef8b397\" data-element_type=\"widget\" data-widget_type=\"html.default\">\n\t\t\t\t<div class=\"elementor-widget-container\">\n\t\t\t\t\t<!-- Meta Pixel Code -->\n<script>\n!function(f,b,e,v,n,t,s)\n{if(f.fbq)return;n=f.fbq=function(){n.callMethod?\nn.callMethod.apply(n,arguments):n.queue.push(arguments)};\nif(!f._fbq)f._fbq=n;n.push=n;n.loaded=!0;n.version='2.0';\nn.queue=[];t=b.createElement(e);t.async=!0;\nt.src=v;s=b.getElementsByTagName(e)[0];\ns.parentNode.insertBefore(t,s)}(window, document,'script',\n'https:\/\/connect.facebook.net\/en_US\/fbevents.js');\nfbq('init', '1250189818789969');\nfbq('track', 'PageView');\nfbq('track', 'Purchase', {currency: \"EUR\", value: 17});\n<\/script>\n<noscript><img height=\"1\" width=\"1\" style=\"display:none\"\nsrc=\"https:\/\/www.facebook.com\/tr?id=1250189818789969&ev=PageView&noscript=1\"\n\/><\/noscript>\n<!-- End Facebook Pixel Code -->\t\t\t\t<\/div>\n\t\t\t\t<\/div>\n\t\t\t\t<div class=\"elementor-element elementor-element-38595e05 elementor-widget elementor-widget-text-editor\" data-id=\"38595e05\" data-element_type=\"widget\" data-widget_type=\"text-editor.default\">\n\t\t\t\t<div class=\"elementor-widget-container\">\n\t\t\t\t\t\t\t\t\t<h3>Dzi\u0119kujemy za zam\u00f3wienie<\/h3>\t\t\t\t\t\t\t\t<\/div>\n\t\t\t\t<\/div>\n\t\t\t\t<div class=\"elementor-element elementor-element-13acf919 elementor-widget elementor-widget-text-editor\" data-id=\"13acf919\" data-element_type=\"widget\" data-widget_type=\"text-editor.default\">\n\t\t\t\t<div class=\"elementor-widget-container\">\n\t\t\t\t\t\t\t\t\t<p>Firma wkr\u00f3tce zadzwoni, aby potwierdzi\u0107 wysy\u0142k\u0119.<\/p><p><span style=\"color: #ff0000;\"><b>NUMER ZAM\u00d3WIENIA: 369856<\/b><\/span><\/p><p><b>\u2192 <\/b>Aby unikn\u0105\u0107 utraty rabatu i zapewni\u0107, \u017ce zam\u00f3wienie dotrze do domu tak szybko, jak to mo\u017cliwe, prosimy o odebranie telefonu, <b>aby\u015bmy mogli potwierdzi\u0107 zam\u00f3wienie i natychmiast rozpocz\u0105\u0107 dostaw\u0119.<\/b><\/p>\t\t\t\t\t\t\t\t<\/div>\n\t\t\t\t<\/div>\n\t\t\t\t<div class=\"elementor-element elementor-element-334350dc elementor-widget elementor-widget-text-editor\" data-id=\"334350dc\" data-element_type=\"widget\" data-widget_type=\"text-editor.default\">\n\t\t\t\t<div class=\"elementor-widget-container\">\n\t\t\t\t\t\t\t\t\t<p>Mi\u0142ego dnia<img decoding=\"async\" class=\"emoji\" role=\"img\" draggable=\"false\" src=\"https:\/\/s.w.org\/images\/core\/emoji\/15.0.3\/svg\/1f603.svg\" alt=\"\ud83d\ude03\" \/><\/p>\t\t\t\t\t\t\t\t<\/div>\n\t\t\t\t<\/div>\n\t\t\t\t<div class=\"elementor-element elementor-element-1209bdda elementor-widget elementor-widget-spacer\" data-id=\"1209bdda\" data-element_type=\"widget\" data-widget_type=\"spacer.default\">\n\t\t\t\t<div class=\"elementor-widget-container\">\n\t\t\t\t\t\t\t<div class=\"elementor-spacer\">\n\t\t\t<div class=\"elementor-spacer-inner\"><\/div>\n\t\t<\/div>\n\t\t\t\t\t\t<\/div>\n\t\t\t\t<\/div>\n\t\t\t\t<div class=\"elementor-element elementor-element-4f5c8cb9 elementor-widget elementor-widget-text-editor\" data-id=\"4f5c8cb9\" data-element_type=\"widget\" data-widget_type=\"text-editor.default\">\n\t\t\t\t<div class=\"elementor-widget-container\">\n\t\t\t\t\t\t\t\t\t<p>Copyright \u00a9 2021<\/p><p>Disclaimer: i prodotti consigliati su questo sito sono venduti in affiliazione, pertanto questo sito non \u00e8 n\u00e9 il produttore, n\u00e9 il venditore ufficiale di ogni singolo prodotto che potrete trovare all\u2019interno del nostro sito. Pertanto per eventuali richieste di rimborsi o altri problemi su prodotti acquistati tramite su questo sito dovrete sempre fare riferimento ai del venditore ufficiale. Noi saremo comunque disponibili per aiutarvi e darvi supporto.<\/p><p>I prodotti sono recensiti a scopo informativo: non \u00e8 possibile in nessun modo garantire risultati certi, le possibilit\u00e0 di riuscita di qualsiasi risultato variano da cliente a cliente. Questo blog non rappresenta una testata giornalistica in quanto viene aggiornato senza alcuna periodicit\u00e0. Non pu\u00f2 pertanto considerarsi un prodotto editoriale ai sensi della legge n. 62 del 7.03.2001. Alcune immagini presenti sul blog sono state trovate sul web, qualora crediate che possano ledere i vostri diritti, comunicatecelo e tempestivamente verranno tolte.<\/p><p><span style=\"color: #3366ff;\">Privacy Policy<\/span> | <span style=\"color: #3366ff;\">Cookie Policy<\/span> | <span style=\"color: #3366ff;\">Termini e condizioni<\/span><\/p>\t\t\t\t\t\t\t\t<\/div>\n\t\t\t\t<\/div>\n\t\t\t\t\t<\/div>\n\t\t<\/div>\n\t\t\t\t\t<\/div>\n\t\t<\/section>\n\t\t\t\t<\/div>\n\t\t","protected":false},"excerpt":{"rendered":"<p>Dzi\u0119kujemy za zam\u00f3wienie Firma wkr\u00f3tce zadzwoni, aby potwierdzi\u0107 wysy\u0142k\u0119. NUMER ZAM\u00d3WIENIA: 369856 \u2192 Aby unikn\u0105\u0107 utraty rabatu i zapewni\u0107, \u017ce zam\u00f3wienie dotrze do domu tak szybko, jak to mo\u017cliwe, prosimy o odebranie telefonu, aby\u015bmy mogli potwierdzi\u0107 zam\u00f3wienie i natychmiast rozpocz\u0105\u0107 dostaw\u0119. Mi\u0142ego dnia Copyright \u00a9 2021 Disclaimer: i prodotti consigliati su questo sito sono venduti [&hellip;]<\/p>\n","protected":false},"author":6,"featured_media":0,"parent":0,"menu_order":0,"comment_status":"closed","ping_status":"closed","template":"elementor_canvas","meta":{"footnotes":""},"class_list":["post-9226","page","type-page","status-publish","hentry"],"_links":{"self":[{"href":"https:\/\/mister-discount.com\/index.php\/wp-json\/wp\/v2\/pages\/9226","targetHints":{"allow":["GET"]}}],"collection":[{"href":"https:\/\/mister-discount.com\/index.php\/wp-json\/wp\/v2\/pages"}],"about":[{"href":"https:\/\/mister-discount.com\/index.php\/wp-json\/wp\/v2\/types\/page"}],"author":[{"embeddable":true,"href":"https:\/\/mister-discount.com\/index.php\/wp-json\/wp\/v2\/users\/6"}],"replies":[{"embeddable":true,"href":"https:\/\/mister-discount.com\/index.php\/wp-json\/wp\/v2\/comments?post=9226"}],"version-history":[{"count":5,"href":"https:\/\/mister-discount.com\/index.php\/wp-json\/wp\/v2\/pages\/9226\/revisions"}],"predecessor-version":[{"id":23273,"href":"https:\/\/mister-discount.com\/index.php\/wp-json\/wp\/v2\/pages\/9226\/revisions\/23273"}],"wp:attachment":[{"href":"https:\/\/mister-discount.com\/index.php\/wp-json\/wp\/v2\/media?parent=9226"}],"curies":[{"name":"wp","href":"https:\/\/api.w.org\/{rel}","templated":true}]}}