{"id":9638,"date":"2025-12-10T08:30:03","date_gmt":"2025-12-10T08:30:03","guid":{"rendered":"https:\/\/mister-discount.com\/?page_id=9638"},"modified":"2026-02-26T14:10:17","modified_gmt":"2026-02-26T14:10:17","slug":"thank-page-grecia","status":"publish","type":"page","link":"https:\/\/mister-discount.com\/index.php\/thank-page-grecia\/","title":{"rendered":"THANK PAGE GR"},"content":{"rendered":"\t\t<div data-elementor-type=\"wp-page\" data-elementor-id=\"9638\" class=\"elementor elementor-9638\" data-elementor-post-type=\"page\">\n\t\t\t\t\t\t<section class=\"elementor-section elementor-top-section elementor-element elementor-element-32a69968 elementor-section-boxed elementor-section-height-default elementor-section-height-default\" data-id=\"32a69968\" data-element_type=\"section\">\n\t\t\t\t\t\t<div class=\"elementor-container elementor-column-gap-default\">\n\t\t\t\t\t<div class=\"elementor-column elementor-col-100 elementor-top-column elementor-element elementor-element-647c33d\" data-id=\"647c33d\" data-element_type=\"column\">\n\t\t\t<div class=\"elementor-widget-wrap elementor-element-populated\">\n\t\t\t\t\t\t<div class=\"elementor-element elementor-element-7a44b6a6 elementor-widget elementor-widget-text-editor\" data-id=\"7a44b6a6\" data-element_type=\"widget\" data-widget_type=\"text-editor.default\">\n\t\t\t\t<div class=\"elementor-widget-container\">\n\t\t\t\t\t\t\t\t\t<h3>\u03a3\u03b1\u03c2 \u03b5\u03c5\u03c7\u03b1\u03c1\u03b9\u03c3\u03c4\u03bf\u03cd\u03bc\u03b5 \u03b3\u03b9\u03b1 \u03c4\u03b7\u03bd \u03c0\u03b1\u03c1\u03b1\u03b3\u03b3\u03b5\u03bb\u03af\u03b1 \u03c3\u03b1\u03c2.<\/h3>\t\t\t\t\t\t\t\t<\/div>\n\t\t\t\t<\/div>\n\t\t\t\t<div class=\"elementor-element elementor-element-5c2d5da2 elementor-widget elementor-widget-text-editor\" data-id=\"5c2d5da2\" data-element_type=\"widget\" data-widget_type=\"text-editor.default\">\n\t\t\t\t<div class=\"elementor-widget-container\">\n\t\t\t\t\t\t\t\t\t<p data-start=\"86\" data-end=\"189\">\u03a3\u03cd\u03bd\u03c4\u03bf\u03bc\u03b1 \u03b8\u03b1 \u03c3\u03b1\u03c2 \u03ba\u03b1\u03bb\u03ad\u03c3\u03bf\u03c5\u03bc\u03b5 \u03b3\u03b9\u03b1 \u03bd\u03b1 \u03b5\u03c0\u03b9\u03b2\u03b5\u03b2\u03b1\u03b9\u03ce\u03c3\u03bf\u03c5\u03bc\u03b5 \u03c4\u03b7\u03bd \u03b1\u03c0\u03bf\u03c3\u03c4\u03bf\u03bb\u03ae.<\/p><p><strong>\u0391\u03a1\u0399\u0398\u039c\u039f\u03a3 \u03a0\u0391\u03a1\u0391\u0393\u0393\u0395\u039b\u0399\u0391\u03a3: <span style=\"color: #ff0000;\">36.856<\/span><\/strong><\/p><p data-start=\"220\" data-end=\"435\">\u2192 \u0393\u03b9\u03b1 \u03bd\u03b1 \u03bc\u03b7\u03bd \u03c7\u03ac\u03c3\u03b5\u03c4\u03b5 \u03c4\u03b7\u03bd \u03ad\u03ba\u03c0\u03c4\u03c9\u03c3\u03b7 \u03ba\u03b1\u03b9 \u03b3\u03b9\u03b1 \u03bd\u03b1 \u03b4\u03b9\u03b1\u03c3\u03c6\u03b1\u03bb\u03af\u03c3\u03bf\u03c5\u03bc\u03b5 \u03cc\u03c4\u03b9 \u03b7 \u03c0\u03b1\u03c1\u03b1\u03b3\u03b3\u03b5\u03bb\u03af\u03b1 \u03c3\u03b1\u03c2 \u03b8\u03b1 \u03b1\u03c0\u03bf\u03c3\u03c4\u03b1\u03bb\u03b5\u03af \u03c4\u03bf \u03c3\u03c5\u03bd\u03c4\u03bf\u03bc\u03cc\u03c4\u03b5\u03c1\u03bf \u03b4\u03c5\u03bd\u03b1\u03c4\u03cc, \u03c0\u03b1\u03c1\u03b1\u03ba\u03b1\u03bb\u03bf\u03cd\u03bc\u03b5 \u03b1\u03c0\u03b1\u03bd\u03c4\u03ae\u03c3\u03c4\u03b5 \u03ce\u03c3\u03c4\u03b5 \u03bd\u03b1 \u03bc\u03c0\u03bf\u03c1\u03ad\u03c3\u03bf\u03c5\u03bc\u03b5 \u03bd\u03b1 \u03c4\u03b7\u03bd \u03b5\u03c0\u03b9\u03b2\u03b5\u03b2\u03b1\u03b9\u03ce\u03c3\u03bf\u03c5\u03bc\u03b5 \u03ba\u03b1\u03b9 \u03bd\u03b1 \u03be\u03b5\u03ba\u03b9\u03bd\u03ae\u03c3\u03bf\u03c5\u03bc\u03b5 \u03ac\u03bc\u03b5\u03c3\u03b1 \u03c4\u03b7\u03bd \u03b1\u03c0\u03bf\u03c3\u03c4\u03bf\u03bb\u03ae.<\/p>\t\t\t\t\t\t\t\t<\/div>\n\t\t\t\t<\/div>\n\t\t\t\t<div class=\"elementor-element elementor-element-1533e6bb elementor-widget elementor-widget-text-editor\" data-id=\"1533e6bb\" data-element_type=\"widget\" data-widget_type=\"text-editor.default\">\n\t\t\t\t<div class=\"elementor-widget-container\">\n\t\t\t\t\t\t\t\t\t<p data-start=\"437\" data-end=\"508\"><span style=\"color: #000000;\"><strong>\u03a3\u03b1\u03c2 \u03b5\u03c5\u03c7\u03b1\u03c1\u03b9\u03c3\u03c4\u03bf\u03cd\u03bc\u03b5 \u03b3\u03b9\u03b1 \u03c4\u03b7\u03bd \u03b5\u03bc\u03c0\u03b9\u03c3\u03c4\u03bf\u03c3\u03cd\u03bd\u03b7. \u03a3\u03b1\u03c2 \u03b5\u03c5\u03c7\u03cc\u03bc\u03b1\u03c3\u03c4\u03b5 \u03bc\u03b9\u03b1 \u03cc\u03bc\u03bf\u03c1\u03c6\u03b7 \u03b7\u03bc\u03ad\u03c1\u03b1 \ud83d\ude0a<\/strong><\/span><\/p>\t\t\t\t\t\t\t\t<\/div>\n\t\t\t\t<\/div>\n\t\t\t\t<div class=\"elementor-element elementor-element-3c10c3b4 elementor-widget elementor-widget-spacer\" data-id=\"3c10c3b4\" data-element_type=\"widget\" data-widget_type=\"spacer.default\">\n\t\t\t\t<div class=\"elementor-widget-container\">\n\t\t\t\t\t\t\t<div class=\"elementor-spacer\">\n\t\t\t<div class=\"elementor-spacer-inner\"><\/div>\n\t\t<\/div>\n\t\t\t\t\t\t<\/div>\n\t\t\t\t<\/div>\n\t\t\t\t<div class=\"elementor-element elementor-element-c5ecc31 elementor-widget elementor-widget-text-editor\" data-id=\"c5ecc31\" data-element_type=\"widget\" data-widget_type=\"text-editor.default\">\n\t\t\t\t<div class=\"elementor-widget-container\">\n\t\t\t\t\t\t\t\t\t<p>Copyright \u00a9 2021<\/p><p>Disclaimer: i prodotti consigliati su questo sito sono venduti in affiliazione, pertanto questo sito non \u00e8 n\u00e9 il produttore, n\u00e9 il venditore ufficiale di ogni singolo prodotto che potrete trovare all\u2019interno del nostro sito. Pertanto per eventuali richieste di rimborsi o altri problemi su prodotti acquistati tramite su questo sito dovrete sempre fare riferimento ai del venditore ufficiale. Noi saremo comunque disponibili per aiutarvi e darvi supporto.<\/p><p>I prodotti sono recensiti a scopo informativo: non \u00e8 possibile in nessun modo garantire risultati certi, le possibilit\u00e0 di riuscita di qualsiasi risultato variano da cliente a cliente. Questo blog non rappresenta una testata giornalistica in quanto viene aggiornato senza alcuna periodicit\u00e0. Non pu\u00f2 pertanto considerarsi un prodotto editoriale ai sensi della legge n. 62 del 7.03.2001. Alcune immagini presenti sul blog sono state trovate sul web, qualora crediate che possano ledere i vostri diritti, comunicatecelo e tempestivamente verranno tolte.<\/p><p><span style=\"color: #3366ff;\">Privacy Policy<\/span> | <span style=\"color: #3366ff;\">Cookie Policy<\/span> | <span style=\"color: #3366ff;\">Termini e condizioni<\/span><\/p>\t\t\t\t\t\t\t\t<\/div>\n\t\t\t\t<\/div>\n\t\t\t\t\t<\/div>\n\t\t<\/div>\n\t\t\t\t\t<\/div>\n\t\t<\/section>\n\t\t\t\t<\/div>\n\t\t","protected":false},"excerpt":{"rendered":"<p>\u03a3\u03b1\u03c2 \u03b5\u03c5\u03c7\u03b1\u03c1\u03b9\u03c3\u03c4\u03bf\u03cd\u03bc\u03b5 \u03b3\u03b9\u03b1 \u03c4\u03b7\u03bd \u03c0\u03b1\u03c1\u03b1\u03b3\u03b3\u03b5\u03bb\u03af\u03b1 \u03c3\u03b1\u03c2. \u03a3\u03cd\u03bd\u03c4\u03bf\u03bc\u03b1 \u03b8\u03b1 \u03c3\u03b1\u03c2 \u03ba\u03b1\u03bb\u03ad\u03c3\u03bf\u03c5\u03bc\u03b5 \u03b3\u03b9\u03b1 \u03bd\u03b1 \u03b5\u03c0\u03b9\u03b2\u03b5\u03b2\u03b1\u03b9\u03ce\u03c3\u03bf\u03c5\u03bc\u03b5 \u03c4\u03b7\u03bd \u03b1\u03c0\u03bf\u03c3\u03c4\u03bf\u03bb\u03ae. \u0391\u03a1\u0399\u0398\u039c\u039f\u03a3 \u03a0\u0391\u03a1\u0391\u0393\u0393\u0395\u039b\u0399\u0391\u03a3: 36.856 \u2192 \u0393\u03b9\u03b1 \u03bd\u03b1 \u03bc\u03b7\u03bd \u03c7\u03ac\u03c3\u03b5\u03c4\u03b5 \u03c4\u03b7\u03bd \u03ad\u03ba\u03c0\u03c4\u03c9\u03c3\u03b7 \u03ba\u03b1\u03b9 \u03b3\u03b9\u03b1 \u03bd\u03b1 \u03b4\u03b9\u03b1\u03c3\u03c6\u03b1\u03bb\u03af\u03c3\u03bf\u03c5\u03bc\u03b5 \u03cc\u03c4\u03b9 \u03b7 \u03c0\u03b1\u03c1\u03b1\u03b3\u03b3\u03b5\u03bb\u03af\u03b1 \u03c3\u03b1\u03c2 \u03b8\u03b1 \u03b1\u03c0\u03bf\u03c3\u03c4\u03b1\u03bb\u03b5\u03af \u03c4\u03bf \u03c3\u03c5\u03bd\u03c4\u03bf\u03bc\u03cc\u03c4\u03b5\u03c1\u03bf \u03b4\u03c5\u03bd\u03b1\u03c4\u03cc, \u03c0\u03b1\u03c1\u03b1\u03ba\u03b1\u03bb\u03bf\u03cd\u03bc\u03b5 \u03b1\u03c0\u03b1\u03bd\u03c4\u03ae\u03c3\u03c4\u03b5 \u03ce\u03c3\u03c4\u03b5 \u03bd\u03b1 \u03bc\u03c0\u03bf\u03c1\u03ad\u03c3\u03bf\u03c5\u03bc\u03b5 \u03bd\u03b1 \u03c4\u03b7\u03bd \u03b5\u03c0\u03b9\u03b2\u03b5\u03b2\u03b1\u03b9\u03ce\u03c3\u03bf\u03c5\u03bc\u03b5 \u03ba\u03b1\u03b9 \u03bd\u03b1 \u03be\u03b5\u03ba\u03b9\u03bd\u03ae\u03c3\u03bf\u03c5\u03bc\u03b5 \u03ac\u03bc\u03b5\u03c3\u03b1 \u03c4\u03b7\u03bd \u03b1\u03c0\u03bf\u03c3\u03c4\u03bf\u03bb\u03ae. \u03a3\u03b1\u03c2 \u03b5\u03c5\u03c7\u03b1\u03c1\u03b9\u03c3\u03c4\u03bf\u03cd\u03bc\u03b5 \u03b3\u03b9\u03b1 [&hellip;]<\/p>\n","protected":false},"author":6,"featured_media":0,"parent":0,"menu_order":0,"comment_status":"closed","ping_status":"closed","template":"elementor_canvas","meta":{"footnotes":""},"class_list":["post-9638","page","type-page","status-publish","hentry"],"_links":{"self":[{"href":"https:\/\/mister-discount.com\/index.php\/wp-json\/wp\/v2\/pages\/9638","targetHints":{"allow":["GET"]}}],"collection":[{"href":"https:\/\/mister-discount.com\/index.php\/wp-json\/wp\/v2\/pages"}],"about":[{"href":"https:\/\/mister-discount.com\/index.php\/wp-json\/wp\/v2\/types\/page"}],"author":[{"embeddable":true,"href":"https:\/\/mister-discount.com\/index.php\/wp-json\/wp\/v2\/users\/6"}],"replies":[{"embeddable":true,"href":"https:\/\/mister-discount.com\/index.php\/wp-json\/wp\/v2\/comments?post=9638"}],"version-history":[{"count":5,"href":"https:\/\/mister-discount.com\/index.php\/wp-json\/wp\/v2\/pages\/9638\/revisions"}],"predecessor-version":[{"id":23269,"href":"https:\/\/mister-discount.com\/index.php\/wp-json\/wp\/v2\/pages\/9638\/revisions\/23269"}],"wp:attachment":[{"href":"https:\/\/mister-discount.com\/index.php\/wp-json\/wp\/v2\/media?parent=9638"}],"curies":[{"name":"wp","href":"https:\/\/api.w.org\/{rel}","templated":true}]}}